{"id":469,"date":"2022-07-14T08:41:03","date_gmt":"2022-07-14T06:41:03","guid":{"rendered":"https:\/\/www.eltomas.cz\/?page_id=469"},"modified":"2022-07-14T08:41:20","modified_gmt":"2022-07-14T06:41:20","slug":"kariera-pracovni-verze","status":"publish","type":"page","link":"https:\/\/www.eltomas.cz\/en\/kariera-pracovni-verze\/","title":{"rendered":"Kariera &#8211; pracovni verze"},"content":{"rendered":"<p class=\"qtranxs-available-languages-message qtranxs-available-languages-message-en\">Sorry, this entry is only available in <a href=\"https:\/\/www.eltomas.cz\/cs\/wp-json\/wp\/v2\/pages\/469\" class=\"qtranxs-available-language-link qtranxs-available-language-link-cs\" title=\"\u010ce\u0161tina\">Czech<\/a>.<\/p><section class=\"section\" id=\"section_1709190613\">\n\t\t<div class=\"bg section-bg fill bg-fill  \" >\n\n\t\t\t\n\t\t\t\n\t\t\t\n\n\t\t<\/div>\n\n\t\t\n\n\t\t<div class=\"section-content relative\">\n\t\t\t\n\t\t<\/div>\n\n\t\t\n<style>\n#section_1709190613 {\n  padding-top: 150px;\n  padding-bottom: 150px;\n}\n#section_1709190613 .section-bg.bg-loaded {\n  background-image: url(https:\/\/www.eltomas.cz\/wp-content\/uploads\/automatizace-eltomas-kariera.jpg);\n}\n#section_1709190613 .section-bg {\n  background-position: 0% 49%;\n}\n#section_1709190613 .ux-shape-divider--top svg {\n  height: 150px;\n  --divider-top-width: 100%;\n}\n#section_1709190613 .ux-shape-divider--bottom svg {\n  height: 150px;\n  --divider-width: 100%;\n}\n<\/style>\n\t<\/section>\n\t\n\t<section class=\"section kariera\" id=\"section_341834847\">\n\t\t<div class=\"bg section-bg fill bg-fill  bg-loaded\" >\n\n\t\t\t\n\t\t\t\n\t\t\t\n\n\t\t<\/div>\n\n\t\t\n\n\t\t<div class=\"section-content relative\">\n\t\t\t\n<div class=\"container section-title-container\" ><h1 class=\"section-title section-title-center\"><b><\/b><span class=\"section-title-main\" >Voln\u00e1 pracovn\u00ed m\u00edsta<\/span><b><\/b><\/h1><\/div>\n<div class=\"row row-divided\"  id=\"row-1097991245\">\n\n\t<div id=\"col-518680736\" class=\"col medium-4 small-12 large-4\"  >\n\t\t\t\t<div class=\"col-inner\"  >\n\t\t\t\n\t\t\t\n<h2>PROJEKTANT ELEKTRO<\/h2>\n<p><strong>Po\u017eadavky:<\/strong><\/p>\n<ul>\n<li>S\u0160\/V\u0160 vzd\u011bl\u00e1n\u00ed elektrotechnick\u00e9ho sm\u011bru<\/li>\n<li>znalost \u0159\u00edd\u00edc\u00edch syst\u00e9m\u016f<\/li>\n<li>zku\u0161enost s projektov\u00e1n\u00edm v syst\u00e9mu Eplan<\/li>\n<li>vyhl\u00e1\u0161ka  50\/1978 Sb. \u00a76,10<\/li>\n<li>\u0159idi\u010dsk\u00fd pr\u016fkaz sk. B<\/li>\n<li>znalost AJ\/NJ na komunikativn\u00ed \u00farovni v\u00fdhodou<\/li>\n<\/ul>\n<p><strong>N\u00e1pl\u0148 pr\u00e1ce:<\/strong><\/p>\n<ul>\n<li>vypracov\u00e1n\u00ed projektov\u00e9 dokumentace<\/li>\n<li>spolupr\u00e1ce s konstruk\u010dn\u00ed v\u00fdrobou<\/li>\n<li>spolupr\u00e1ce s program\u00e1tory na uveden\u00ed do provozu<\/li>\n<\/ul>\n<p><strong>Nab\u00edz\u00edme:<\/strong><\/p>\n<ul>\n<li>p\u0159\u00edzniv\u00e9 finan\u010dn\u00ed ohodnocen\u00ed vzhledem k v\u00fdkonu<\/li>\n<li>pr\u00e1ce s modern\u00edm SW a HW<\/li>\n<li>mo\u017enost seberealizace<\/li>\n<li>pru\u017en\u00e1 pracovn\u00ed doba<\/li>\n<li>odborn\u00e1 \u0161kolen\u00ed<\/li>\n<li>r\u016fzn\u00e9 benefity zam\u011bstnanc\u016f<\/li>\n<\/ul>\n<p><strong>Pracovi\u0161t\u011b:<\/strong><\/p>\n<ul>\n<li>Mlad\u00e1 Boleslav<\/li>\n<li>B\u011bl\u00e1 pod Bezd\u011bzem<\/li>\n<\/ul>\n<p><strong>Term\u00edn n\u00e1stupu:<\/strong><\/p>\n<ul>\n<li>mo\u017eno Ihned<\/li>\n<\/ul>\n\t\t<\/div>\n\t\t\t\t\t<\/div>\n\n\t\n\n\t<div id=\"col-93485600\" class=\"col medium-4 small-12 large-4\"  >\n\t\t\t\t<div class=\"col-inner\"  >\n\t\t\t\n\t\t\t\n<h2>PROGRAM\u00c1TOR \u0158ID\u00cdC\u00cdCH SYST\u00c9M\u016e<\/h2>\n<p><strong>Po\u017eadavky:<\/strong><\/p>\n<ul>\n<li>S\u0160\/V\u0160 vzd\u011bl\u00e1n\u00ed elektrotechnick\u00e9ho sm\u011bru<\/li>\n<li>praxe v oblasti aplika\u010dn\u00edho programov\u00e9ho vybaven\u00ed pro PLC syst\u00e9my<\/li>\n<li>vyhl\u00e1\u0161ka  50\/1978 Sb. \u00a76 v\u00fdhodou<\/li>\n<li>\u0159idi\u010dsk\u00fd pr\u016fkaz sk. B<\/li>\n<li>znalost AJ\/NJ na komunikativn\u00ed \u00farovni v\u00fdhodou<\/li>\n<\/ul>\n<p><strong>N\u00e1pl\u0148 pr\u00e1ce:<\/strong><\/p>\n<ul>\n<li>programov\u00e1n\u00ed PLC<\/li>\n<li>vypracov\u00e1n\u00ed SW dokumentace<\/li>\n<li>uveden\u00ed za\u0159\u00edzen\u00ed a technologie do provovzu<\/li>\n<li>spolupr\u00e1ce s projektanty pro navr\u017een\u00ed optim\u00e1ln\u00edho \u0159e\u0161en\u00ed<\/li>\n<\/ul>\n<p><strong>Nab\u00edz\u00edme:<\/strong><\/p>\n<ul>\n<li>p\u0159\u00edzniv\u00e9 finan\u010dn\u00ed ohodnocen\u00ed vzhledem k v\u00fdkonu<\/li>\n<li>pr\u00e1ce s modern\u00edm SW a HW<\/li>\n<li>mo\u017enost seberealizace<\/li>\n<li>pru\u017en\u00e1 pracovn\u00ed doba<\/li>\n<li>odborn\u00e1 \u0161kolen\u00ed<\/li>\n<li>r\u016fzn\u00e9 benefity zam\u011bstnanc\u016f<\/li>\n<\/ul>\n<p><strong>Pracovi\u0161t\u011b:<\/strong><\/p>\n<ul>\n<li>Mlad\u00e1 Boleslav<\/li>\n<li>B\u011bl\u00e1 pod Bezd\u011bzem<\/li>\n<\/ul>\n<p><strong>Term\u00edn n\u00e1stupu:<\/strong><\/p>\n<ul>\n<li>mo\u017eno Ihned<\/li>\n<\/ul>\n\t\t<\/div>\n\t\t\t\t\t<\/div>\n\n\t\n\n\t<div id=\"col-2117836971\" class=\"col medium-4 small-12 large-4\"  >\n\t\t\t\t<div class=\"col-inner\"  >\n\t\t\t\n\t\t\t\n<h2>PROGRAM\u00c1TOR APLIKA\u010cN\u00cdCH SYST\u00c9M\u016e<\/h2>\n<p><strong>Po\u017eadavky:<\/strong><\/p>\n<ul>\n<li>S\u0160\/V\u0160 vzd\u011bl\u00e1n\u00ed elektrotechnick\u00e9ho sm\u011bru<\/li>\n<li>praxe v oblasti datab\u00e1zov\u00fdch syst\u00e9m\u016f MS SQL, Oracle<\/li>\n<li>vyhl\u00e1\u0161ka  50\/1978 Sb. \u00a76 v\u00fdhodou<\/li>\n<li>\u0159idi\u010dsk\u00fd pr\u016fkaz sk. B<\/li>\n<li>znalost AJ\/NJ na komunikativn\u00ed \u00farovni v\u00fdhodou<\/li>\n<\/ul>\n<p><strong>N\u00e1pl\u0148 pr\u00e1ce:<\/strong><\/p>\n<ul>\n<li>programov\u00e1n\u00ed datab\u00e1z\u00ed a komunikac\u00ed<\/li>\n<li>vypracov\u00e1n\u00ed SW dokumentace<\/li>\n<li>uveden\u00ed za\u0159\u00edzen\u00ed a technologie do provovzu<\/li>\n<li>spolupr\u00e1ce s projektanty pro navr\u017een\u00ed optim\u00e1ln\u00edho \u0159e\u0161en\u00ed<\/li>\n<\/ul>\n<p><strong>Nab\u00edz\u00edme:<\/strong><\/p>\n<ul>\n<li>p\u0159\u00edzniv\u00e9 finan\u010dn\u00ed ohodnocen\u00ed vzhledem k v\u00fdkonu<\/li>\n<li>pr\u00e1ce s modern\u00edm SW a HW<\/li>\n<li>mo\u017enost seberealizace<\/li>\n<li>pru\u017en\u00e1 pracovn\u00ed doba<\/li>\n<li>odborn\u00e1 \u0161kolen\u00ed<\/li>\n<li>r\u016fzn\u00e9 benefity zam\u011bstnanc\u016f<\/li>\n<\/ul>\n<p><strong>Pracovi\u0161t\u011b:<\/strong><\/p>\n<ul>\n<li>Mlad\u00e1 Boleslav<\/li>\n<li>B\u011bl\u00e1 pod Bezd\u011bzem<\/li>\n<\/ul>\n<p><strong>Term\u00edn n\u00e1stupu:<\/strong><\/p>\n<ul>\n<li>mo\u017eno Ihned<\/li>\n<\/ul>\n\t\t<\/div>\n\t\t\t\t\t<\/div>\n\n\t\n<\/div>\n\t\t<\/div>\n\n\t\t\n<style>\n#section_341834847 {\n  padding-top: 30px;\n  padding-bottom: 30px;\n}\n#section_341834847 .ux-shape-divider--top svg {\n  height: 150px;\n  --divider-top-width: 100%;\n}\n#section_341834847 .ux-shape-divider--bottom svg {\n  height: 150px;\n  --divider-width: 100%;\n}\n<\/style>\n\t<\/section>\n\t\n\t<section class=\"section kariera\" id=\"section_1082636861\">\n\t\t<div class=\"bg section-bg fill bg-fill  bg-loaded\" >\n\n\t\t\t\n\t\t\t\n\t\t\t\n\n\t\t<\/div>\n\n\t\t\n\n\t\t<div class=\"section-content relative\">\n\t\t\t\n<div class=\"row row-divided\"  id=\"row-831165540\">\n\n\n\t<div id=\"col-530834159\" class=\"col medium-4 small-12 large-4\"  >\n\t\t\t\t<div class=\"col-inner\"  >\n\t\t\t\n\t\t\t\n<h2>ELEKTROMECHANIK \/ ELEKTRIK\u00c1\u0158<\/h2>\n<p><strong>Po\u017eadavky:<\/strong><\/p>\n<ul>\n<li>vzd\u011bl\u00e1n\u00ed elektrotechnick\u00e9ho sm\u011bru<\/li>\n<li> znalost orientace v sch\u00e9matech e-pl\u00e1nu<\/li>\n<li>vyhl\u00e1\u0161ka  50\/1978 Sb. \u00a76 min.<\/li>\n<li>\u0159idi\u010dsk\u00fd pr\u016fkaz sk. B<\/li>\n<li>znalost AJ\/NJ na komunikativn\u00ed \u00farovni v\u00fdhodou<\/li>\n<\/ul>\n<p><strong>N\u00e1pl\u0148 pr\u00e1ce:<\/strong><\/p>\n<ul>\n<li>instalace elektro rozvod\u016f pro pr\u016fmyslovou automatizaci<\/li>\n<li>v\u00fdroba rozvad\u011b\u010d\u016f pro pr\u016fmyslovou automatizaci<\/li>\n<li>uveden\u00ed za\u0159\u00edzen\u00ed a technologie do provovzu s program\u00e1tory<\/li>\n<\/ul>\n<p><strong>Nab\u00edz\u00edme:<\/strong><\/p>\n<ul>\n<li>p\u0159\u00edzniv\u00e9 finan\u010dn\u00ed ohodnocen\u00ed vzhledem k v\u00fdkonu<\/li>\n<li>pr\u00e1ce s modern\u00edm SW a HW<\/li>\n<li>mo\u017enost seberealizace<\/li>\n<li>pru\u017en\u00e1 pracovn\u00ed doba<\/li>\n<li>odborn\u00e1 \u0161kolen\u00ed<\/li>\n<li>r\u016fzn\u00e9 benefity zam\u011bstnanc\u016f<\/li>\n<\/ul>\n<p><strong>Pracovi\u0161t\u011b:<\/strong><\/p>\n<ul>\n<li>Mlad\u00e1 Boleslav<\/li>\n<li>B\u011bl\u00e1 pod Bezd\u011bzem<\/li>\n<\/ul>\n<p><strong>Term\u00edn n\u00e1stupu:<\/strong><\/p>\n<ul>\n<li>mo\u017eno Ihned<\/li>\n<\/ul>\n\t\t<\/div>\n\t\t\t\t\t<\/div>\n\n\t\n\n<\/div>\n\t\t<\/div>\n\n\t\t\n<style>\n#section_1082636861 {\n  padding-top: 30px;\n  padding-bottom: 30px;\n  background-color: rgb(249, 249, 249);\n}\n#section_1082636861 .ux-shape-divider--top svg {\n  height: 150px;\n  --divider-top-width: 100%;\n}\n#section_1082636861 .ux-shape-divider--bottom svg {\n  height: 150px;\n  --divider-width: 100%;\n}\n<\/style>\n\t<\/section>\n\t\n\t<section class=\"section\" id=\"section_1418953266\">\n\t\t<div class=\"bg section-bg fill bg-fill  bg-loaded\" >\n\n\t\t\t\n\t\t\t<div class=\"section-bg-overlay absolute fill\"><\/div>\n\t\t\t\n\n\t\t<\/div>\n\n\t\t\n\n\t\t<div class=\"section-content relative\">\n\t\t\t\n<div class=\"row row-large align-center\"  id=\"row-1826457589\">\n\n\t<div id=\"col-2111995759\" class=\"col small-12 large-12\"  >\n\t\t\t\t<div class=\"col-inner text-left\"  >\n\t\t\t\n\t\t\t\n<div class=\"message-box relative dark\" style=\"padding-top:33px;padding-bottom:33px;\"><div class=\"message-box-bg-image bg-fill fill\" ><\/div><div class=\"message-box-bg-overlay bg-fill fill\" ><\/div><div class=\"container relative\"><div class=\"inner last-reset\">\n<div class=\"row align-middle align-center\"  id=\"row-1962652248\">\n\n\t<div id=\"col-370349677\" class=\"col medium-8 small-12 large-8\"  >\n\t\t\t\t<div class=\"col-inner\"  >\n\t\t\t\n\t\t\t\n<h2 data-line-height=\"s\">M\u00e1te z\u00e1jem o n\u011bkterou z nab\u00edzen\u00fdch pozic?<\/h2>\n<p data-line-height=\"m\">Za\u0161lete n\u00e1m va\u0161e CV na e-mail: <a href=\"mailto:michaela.valtova@eltomas.cz\">michaela.valtova@eltomas.cz<\/a> nebo n\u00e1s kontaktujte na uveden\u00fd telefon.<\/p>\n\t\t<\/div>\n\t\t\t\t\t<\/div>\n\n\t\n\n\t<div id=\"col-1612479109\" class=\"col medium-3 small-12 large-3\"  >\n\t\t\t\t<div class=\"col-inner text-center\"  >\n\t\t\t\n\t\t\t\n<a href=\"\/kontakty\" target=\"_self\" class=\"button white is-outline is-large expand\"  style=\"border-radius:99px;\">\n  <i class=\"icon-phone\" aria-hidden=\"true\" ><\/i>  <span>+420 481 010 383<\/span>\n  <\/a>\n\n\t\t<\/div>\n\t\t\t\t\t<\/div>\n\n\t\n<\/div>\n<\/div><\/div><\/div>\n\t\t<\/div>\n\t\t\t\t\t<\/div>\n\n\t\n<\/div>\n\t\t<\/div>\n\n\t\t\n<style>\n#section_1418953266 {\n  padding-top: 30px;\n  padding-bottom: 30px;\n}\n#section_1418953266 .section-bg-overlay {\n  background-color: rgba(255, 255, 255, 0.85);\n}\n#section_1418953266 .ux-shape-divider--top svg {\n  height: 150px;\n  --divider-top-width: 100%;\n}\n#section_1418953266 .ux-shape-divider--bottom svg {\n  height: 150px;\n  --divider-width: 100%;\n}\n<\/style>\n\t<\/section>","protected":false},"excerpt":{"rendered":"<p>Sorry, this entry is only available in Czech.<\/p>\n","protected":false},"author":1,"featured_media":0,"parent":0,"menu_order":0,"comment_status":"closed","ping_status":"closed","template":"","meta":[],"_links":{"self":[{"href":"https:\/\/www.eltomas.cz\/en\/wp-json\/wp\/v2\/pages\/469"}],"collection":[{"href":"https:\/\/www.eltomas.cz\/en\/wp-json\/wp\/v2\/pages"}],"about":[{"href":"https:\/\/www.eltomas.cz\/en\/wp-json\/wp\/v2\/types\/page"}],"author":[{"embeddable":true,"href":"https:\/\/www.eltomas.cz\/en\/wp-json\/wp\/v2\/users\/1"}],"replies":[{"embeddable":true,"href":"https:\/\/www.eltomas.cz\/en\/wp-json\/wp\/v2\/comments?post=469"}],"version-history":[{"count":2,"href":"https:\/\/www.eltomas.cz\/en\/wp-json\/wp\/v2\/pages\/469\/revisions"}],"predecessor-version":[{"id":471,"href":"https:\/\/www.eltomas.cz\/en\/wp-json\/wp\/v2\/pages\/469\/revisions\/471"}],"wp:attachment":[{"href":"https:\/\/www.eltomas.cz\/en\/wp-json\/wp\/v2\/media?parent=469"}],"curies":[{"name":"wp","href":"https:\/\/api.w.org\/{rel}","templated":true}]}}