{"id":100,"date":"2018-09-10T00:54:14","date_gmt":"2018-09-09T22:54:14","guid":{"rendered":"http:\/\/www.eltomas.cz\/?page_id=100"},"modified":"2025-04-09T13:42:32","modified_gmt":"2025-04-09T11:42:32","slug":"kontakty","status":"publish","type":"page","link":"https:\/\/www.eltomas.cz\/en\/kontakty\/","title":{"rendered":"Contacts"},"content":{"rendered":"<script type=\"text\/javascript\">\n  jQuery( document ).ready(function() {\n    function initialize() {\n        var styles = {\n            'flatsome':  [{\n            \"featureType\": \"administrative\",\n            \"stylers\": [\n              { \"visibility\": \"on\" }\n            ]\n          },\n          {\n            \"featureType\": \"road\",\n            \"stylers\": [\n              { \"visibility\": \"on\" },\n              { \"hue\": \"\" }\n            ]\n          },\n          {\n            \"stylers\": [\n\t\t\t  { \"visibility\": \"on\" },\n\t\t\t  { \"hue\": \"\" },\n\t\t\t  { \"saturation\": 0 }\n            ]\n          }\n        ]};\n\n        var myLatlng = new google.maps.LatLng(50.5170431, 14.7736058);\n        var myOptions = {\n            zoom: 10,\n            center: myLatlng,\n            mapTypeId: google.maps.MapTypeId.ROADMAP,\n            disableDefaultUI: true,\n            mapTypeId: 'flatsome',\n            draggable: true,\n            zoomControl: true,\n            zoomControlOptions: {\n              position: google.maps.ControlPosition.TOP_LEFT\n            },\n      \t\t\t\/\/ panControl: true,\n            \/\/ panControlOptions: {\n            \/\/   position: google.maps.ControlPosition.TOP_LEFT\n            \/\/ },\n      \t\t\tmapTypeControl: true,\n            mapTypeControlOptions: {\n              position: google.maps.ControlPosition.TOP_LEFT\n            },\n      \t\t\t\/\/ scaleControl: true,\n            \/\/ scaleControlOptions: {\n            \/\/   position: google.maps.ControlPosition.TOP_LEFT\n            \/\/ },\n      \t\t\tstreetViewControl: true,\n            streetViewControlOptions: {\n              position: google.maps.ControlPosition.TOP_LEFT\n            },\n      \t\t\t\/\/ overviewMapControl: true,\n            \/\/ overviewMapControlOptions: {\n            \/\/   position: google.maps.ControlPosition.TOP_LEFT\n            \/\/ },\n            scrollwheel: false,\n            disableDoubleClickZoom: true\n        }\n        var map = new google.maps.Map(document.getElementById(\"map-2560253544-inner\"), myOptions);\n        var styledMapType = new google.maps.StyledMapType(styles['flatsome'], {name: 'flatsome'});\n        map.mapTypes.set('flatsome', styledMapType);\n\n        var marker = new google.maps.Marker({\n            position: myLatlng,\n            map: map,\n            title:\"\"\n        });\n    }\n\n    \/\/ Required to proceed\n    if (!(typeof google === 'object' && typeof google.maps === 'object')) {\n      return\n    }\n\n    initialize()\n    google.maps.event.addDomListener(window, 'resize', initialize);\n    });\n    <\/script>\n\n    <div class=\"google-map relative mb\" id=\"map-2560253544\">\n        <div class=\"map-height\" id=\"map-2560253544-inner\"><\/div>\n        <div id=\"map_overlay_top\"><\/div>\n        <div id=\"map_overlay_bottom\"><\/div>\n         \n       \n<style>\n#map-2560253544 .map-inner {\n  background-color: #fff;\n  max-width: 100%;\n}\n#map-2560253544 .map-height {\n  height: 400px;\n}\n@media (min-width:550px) {\n  #map-2560253544 .map-inner {\n    max-width: 40%;\n  }\n}\n@media (min-width:850px) {\n  #map-2560253544 .map-inner {\n    max-width: 30%;\n  }\n}\n<\/style>\n    <\/div>\n\n\t\n\t<section class=\"section\" id=\"section_815683323\">\n\t\t<div class=\"bg section-bg fill bg-fill  bg-loaded\" >\n\n\t\t\t\n\t\t\t\n\t\t\t\n\n\t\t<\/div>\n\n\t\t\n\n\t\t<div class=\"section-content relative\">\n\t\t\t\n<div class=\"row\"  id=\"row-1212850876\">\n\n\t<div id=\"col-541823507\" class=\"col medium-4 small-12 large-4\"  >\n\t\t\t\t<div class=\"col-inner\"  >\n\t\t\t\n\t\t\t\n<p><span style=\"color: #01a8b0; font-family: Tahoma; font-size: 18px; text-align: justify;\">Billing address<br \/><\/span><br \/><strong>elTomas s.r.o.<\/strong><br \/>Boj\u010denkova 1101\/1<br \/>198 00 Praha\u00a09 &#8211; \u010cern\u00fd Most<br \/>Czech Republic<\/p>\n<p><strong>Sending bills to email<\/strong> <a href=\"mailto:fakturace@eltomas.cz\">fakturace@eltomas.cz<\/a><\/p>\n<p>I\u010c: 273 60 181<br \/>DI\u010c: CZ273 60 181<br \/>DUNS: 722935850<\/p>\n\t\t<\/div>\n\t\t\t\t\t<\/div>\n\n\t\n\n\t<div id=\"col-156482712\" class=\"col medium-4 small-12 large-4\"  >\n\t\t\t\t<div class=\"col-inner\"  >\n\t\t\t\n\t\t\t\n<p><span style=\"color: #01a8b0; font-family: Tahoma; font-size: 18px; text-align: justify;\">Mailing address<br \/><\/span><br \/><strong>elTomas s.r.o.<\/strong><br \/>Vaza\u010dka 1519<br \/>294 21, B\u011bl\u00e1 pod Bezd\u011bzem<br \/>Czech Republic<\/p>\n<p><span style=\"font-size: 105%;\"><strong><span style=\"color: #01a8b0;\">Databox ID: ffc3xrj<\/span><\/strong><\/span><\/p>\n<p><strong><span style=\"font-size: 105%; color: #01a8b0;\">Assistance &#8211; technical support<\/span><br \/><\/strong>tel: +420 778 085 042<br \/><a href=\"mailto:asistence@eltomas.cz\">asistence@eltomas.cz<\/a><\/p>\n\t\t<\/div>\n\t\t\t\t\t<\/div>\n\n\t\n\n\t<div id=\"col-1120711240\" class=\"col medium-4 small-12 large-4\"  >\n\t\t\t\t<div class=\"col-inner\"  >\n\t\t\t\n\t\t\t\n<p><span style=\"color: #01a8b0; font-family: Tahoma; font-size: 18px; text-align: justify;\">Establishment<\/span><\/p>\n<p><strong>elTomas s.r.o.<\/strong><br \/>Vaza\u010dka 1519<br \/>294 21, B\u011bl\u00e1 pod Bezd\u011bzem<br \/>Czech Republic<br \/>tel.:+420 481 010 383<br \/>e-mail: <a>info@eltomas.cz<\/a><\/p>\n<p>GPS:\u00a050.5170431N, 14.7736058E<\/p>\n\t\t<\/div>\n\t\t\t\t\t<\/div>\n\n\t\n<\/div>\n\t\t<\/div>\n\n\t\t\n<style>\n#section_815683323 {\n  padding-top: 30px;\n  padding-bottom: 30px;\n}\n#section_815683323 .ux-shape-divider--top svg {\n  height: 150px;\n  --divider-top-width: 100%;\n}\n#section_815683323 .ux-shape-divider--bottom svg {\n  height: 150px;\n  --divider-width: 100%;\n}\n<\/style>\n\t<\/section>\n\t\n\t<section class=\"section\" id=\"section_134125636\">\n\t\t<div class=\"bg section-bg fill bg-fill  bg-loaded\" >\n\n\t\t\t\n\t\t\t<div class=\"section-bg-overlay absolute fill\"><\/div>\n\t\t\t\n\n\t\t<\/div>\n\n\t\t\n\n\t\t<div class=\"section-content relative\">\n\t\t\t\n<div class=\"row\"  id=\"row-1844482040\">\n\n\t<div id=\"col-1202807055\" class=\"col medium-4 small-12 large-4\"  >\n\t\t\t\t<div class=\"col-inner\"  >\n\t\t\t\n\t\t\t\n<p><span style=\"color: #01a8b0; font-family: Tahoma; font-size: 18px; text-align: justify;\">Tom\u00e1\u0161 Nosek<br \/>\n<\/span><br \/>\n<strong>Managing director<\/strong><br \/>\ne-mail: <a href=\"mailto:tomas.nosek@eltomas.cz\">tomas.nosek@eltomas.cz<\/a><\/p>\n\t\t<\/div>\n\t\t\t\t\t<\/div>\n\n\t\n\n\t<div id=\"col-59553089\" class=\"col medium-4 small-12 large-4\"  >\n\t\t\t\t<div class=\"col-inner\"  >\n\t\t\t\n\t\t\t\n<p><span style=\"color: #01a8b0; font-family: Tahoma; font-size: 18px; text-align: justify;\">Radek Pavl\u00e1sek<\/span><\/p>\n<p><strong>Purchase officer, store keeper<\/strong><br \/>e-mail: <a href=\"mailto:radek.pavlasek@eltomas.cz\">radek.pavlasek@eltomas.cz<\/a><\/p>\n\t\t<\/div>\n\t\t\t\t\t<\/div>\n\n\t\n\n\t<div id=\"col-924466940\" class=\"col medium-4 small-12 large-4\"  >\n\t\t\t\t<div class=\"col-inner\"  >\n\t\t\t\n\t\t\t\n\t\t<\/div>\n\t\t\t\t\t<\/div>\n\n\t\n<\/div>\n<div class=\"row\"  id=\"row-1645016792\">\n\n\t<div id=\"col-1415615296\" class=\"col medium-4 small-12 large-4\"  >\n\t\t\t\t<div class=\"col-inner\"  >\n\t\t\t\n\t\t\t\n\t\t<\/div>\n\t\t\t\t\t<\/div>\n\n\t\n\n\t<div id=\"col-1695938267\" class=\"col medium-4 small-12 large-4\"  >\n\t\t\t\t<div class=\"col-inner\"  >\n\t\t\t\n\t\t\t\n\t\t<\/div>\n\t\t\t\t\t<\/div>\n\n\t\n\n\t<div id=\"col-799907468\" class=\"col medium-4 small-12 large-4\"  >\n\t\t\t\t<div class=\"col-inner\"  >\n\t\t\t\n\t\t\t\n\t\t<\/div>\n\t\t\t\t\t<\/div>\n\n\t\n<\/div>\n\t\t<\/div>\n\n\t\t\n<style>\n#section_134125636 {\n  padding-top: 30px;\n  padding-bottom: 30px;\n  background-color: rgb(193, 193, 193);\n}\n#section_134125636 .section-bg-overlay {\n  background-color: rgba(255, 255, 255, 0.85);\n}\n#section_134125636 .ux-shape-divider--top svg {\n  height: 150px;\n  --divider-top-width: 100%;\n}\n#section_134125636 .ux-shape-divider--bottom svg {\n  height: 150px;\n  --divider-width: 100%;\n}\n<\/style>\n\t<\/section>","protected":false},"excerpt":{"rendered":"","protected":false},"author":1,"featured_media":0,"parent":0,"menu_order":0,"comment_status":"closed","ping_status":"closed","template":"page-blank.php","meta":[],"_links":{"self":[{"href":"https:\/\/www.eltomas.cz\/en\/wp-json\/wp\/v2\/pages\/100"}],"collection":[{"href":"https:\/\/www.eltomas.cz\/en\/wp-json\/wp\/v2\/pages"}],"about":[{"href":"https:\/\/www.eltomas.cz\/en\/wp-json\/wp\/v2\/types\/page"}],"author":[{"embeddable":true,"href":"https:\/\/www.eltomas.cz\/en\/wp-json\/wp\/v2\/users\/1"}],"replies":[{"embeddable":true,"href":"https:\/\/www.eltomas.cz\/en\/wp-json\/wp\/v2\/comments?post=100"}],"version-history":[{"count":23,"href":"https:\/\/www.eltomas.cz\/en\/wp-json\/wp\/v2\/pages\/100\/revisions"}],"predecessor-version":[{"id":11476,"href":"https:\/\/www.eltomas.cz\/en\/wp-json\/wp\/v2\/pages\/100\/revisions\/11476"}],"wp:attachment":[{"href":"https:\/\/www.eltomas.cz\/en\/wp-json\/wp\/v2\/media?parent=100"}],"curies":[{"name":"wp","href":"https:\/\/api.w.org\/{rel}","templated":true}]}}