{"id":11443,"date":"2023-06-29T13:39:43","date_gmt":"2023-06-29T11:39:43","guid":{"rendered":"https:\/\/www.eltomas.cz\/?page_id=11443"},"modified":"2023-06-29T13:56:41","modified_gmt":"2023-06-29T11:56:41","slug":"vop","status":"publish","type":"page","link":"https:\/\/www.eltomas.cz\/de\/vop\/","title":{"rendered":"VOP"},"content":{"rendered":"<div class=\"row\"  id=\"row-1728142449\">\n\n\t<div id=\"col-821037747\" class=\"col small-12 large-12\"  >\n\t\t\t\t<div class=\"col-inner\"  >\n\t\t\t\n\t\t\t\n<h2 style=\"text-align: center;\">V\u0160EOBECN\u00c9 OBCHODN\u00cd PODM\u00cdNKY SPOLE\u010cNOSTI ELTOMAS S.R.O.<\/h2>\n<h3 style=\"text-align: center;\">PLATN\u00c9 OD 1.5.2018<\/h3>\n<p>Tyto V\u0161eobecn\u00e9 obchodn\u00ed podm\u00ednky (d\u00e1le i jen <strong>\u201e<strong>VOP<\/strong>\u201c<\/strong>) se vztahuj\u00ed na v\u0161echny smluvn\u00ed vztahy mezi spole\u010dnost\u00ed <strong>elTomas s.r.o.<\/strong>, se s\u00eddlem Boj\u010denkova 1101\/1, \u010cern\u00fd Most, 198 00 Praha 9, I\u010c: 27360181 (d\u00e1le i jen \u201e<strong>elTomas<\/strong>\u201c) a osobami, se kter\u00fdmi m\u00e1 b\u00fdt uzav\u0159ena kupn\u00ed smlouva (d\u00e1le i jen \u201edodavatel\u201c).<\/p>\n<p>Provozovna <strong>elTomas s.r.o. &#8211; elTomas s.r.o.<\/strong>, Vaza\u010dka 1519, 294 21, B\u011bl\u00e1 pod Bezd\u011bzem, Tel: +420 481 010 383.<\/p>\n<p>Tyto <strong>VOP<\/strong> jsou ned\u00edlnou sou\u010d\u00e1st\u00ed jak\u00e9koliv kupn\u00ed smlouvy uzav\u0159en\u00e9 mezi elTomas a dodavatelem (d\u00e1le i jen \u201esmlouva\u201c) s t\u00edm, \u017ee se vztahuj\u00ed na v\u0161echny pr\u00e1vn\u00ed vztahy vznikl\u00e9 mezi elTomas a dodavatelem. Jak\u00e9koliv odchylky od t\u011bchto <strong>VOP<\/strong> nebo jejich dodatky jsou platn\u00e9 pouze v p\u00edsemn\u011b sjednan\u00e9 dohod\u011b.<\/p>\n<p>Jin\u00e9, ne\u017e tyto <strong>VOP<\/strong> nejsou p\u0159i uzav\u00edr\u00e1n\u00ed smlouvy a n\u00e1sledn\u011b p\u0159i jej\u00ed realizaci akceptov\u00e1ny a jejich pou\u017eit\u00ed je tak p\u0159edem vylou\u010deno.<\/p>\n<p>Smluvn\u00ed strany se v souladu s \u00a7 1801 z\u00e1kona \u010d. 89\/2012 Sb., ob\u010dansk\u00fd z\u00e1kon\u00edk (d\u00e1le i jen \u201eOZ\u201c) dohodly na vylou\u010den\u00ed ustanoven\u00ed \u00a7 1799 a 1800 OZ.<\/p>\n<h4>1 Uzav\u00edr\u00e1n\u00ed smluv, odstoupen\u00ed<\/h4>\n<p>Objednat p\u0159edm\u011bt smlouvy m\u016f\u017ee elTomas p\u00edsemn\u00fdm n\u00e1vrhem na uzav\u0159en\u00ed smlouvy (d\u00e1le i jen \u201eobjedn\u00e1vka\u201c), kter\u00fd za\u0161le dodavateli prost\u0159ednictv\u00edm \u2026. (e-mail, po\u0161ta). Svou objedn\u00e1vkou je elTomas v\u00e1z\u00e1n po dobu 15 dn\u016f ode dne jej\u00edho odesl\u00e1n\u00ed. V p\u0159\u00edpad\u011b, \u017ee do t\u00e9 doby nedojde elTomas souhlas \u010di potvrzen\u00ed dle 2.odstavce tohoto bodu <strong>VOP<\/strong>, pozb\u00fdv\u00e1 objedn\u00e1vka \u00fa\u010dinnosti. Pokud nen\u00ed dohodnuto jinak, v objedn\u00e1vce elTomas uvede minim\u00e1ln\u011b, co objedn\u00e1v\u00e1, mno\u017estv\u00ed, cenu, zp\u016fsob dopravy a term\u00edn dod\u00e1n\u00ed.<\/p>\n<p>Smlouva vznik\u00e1 okam\u017eikem p\u0159ijet\u00ed objedn\u00e1vky dodavatelem, jakmile je elTomas doru\u010den\u00fd p\u00edsemn\u00fd souhlas dodavatele s objedn\u00e1vkou \u010di potvrzen\u00ed objedn\u00e1vky dodavatelem. Souhlas s objedn\u00e1vkou m\u016f\u017ee dodavatel vyzna\u010dit p\u0159\u00edmo na objedn\u00e1vce a zaslat ji elTomas zp\u011bt.<\/p>\n<p>Jak\u00e9koliv odchylky od objedn\u00e1vky se pova\u017euj\u00ed za nov\u00fd n\u00e1vrh na uzav\u0159en\u00ed smlouvy, kter\u00fdm je dodavatel v\u00e1z\u00e1n po dobu 7 dn\u016f ode dne doru\u010den\u00ed tohoto n\u00e1vrhu na uzav\u0159en\u00ed smlouvy elTomas. V p\u0159\u00edpad\u011b, \u017ee elTomas v t\u00e9to lh\u016ft\u011b neza\u0161le dodavateli p\u00edsemn\u00e9 p\u0159ijet\u00ed n\u00e1vrhu na uzav\u0159en\u00ed smlouvy, smlouva nen\u00ed uzav\u0159ena.<\/p>\n<p>P\u0159ijet\u00ed objedn\u00e1vky mus\u00ed m\u00edt v\u017edy p\u00edsemnou formu. Telegrafick\u00e1 a d\u00e1lnopisn\u00e1 sd\u011blen\u00ed a sd\u011blen\u00ed elektronick\u00fdmi prost\u0159edky, je\u017e umo\u017e\u0148uj\u00ed zachycen\u00ed obsahu pr\u00e1vn\u00edho jedn\u00e1n\u00ed a ur\u010den\u00ed osoby, kter\u00e1 pr\u00e1vn\u00ed jedn\u00e1n\u00ed u\u010dinila, jsou pova\u017eov\u00e1na za p\u00edsemnou formu. Uzav\u0159en\u00edm smlouvy pozb\u00fdvaj\u00ed jak\u00e1koliv p\u0159edchoz\u00ed jedn\u00e1n\u00ed a korespondence pr\u00e1vn\u00ed \u00fa\u010dinnosti, pokud se vztahuj\u00ed k obsahu smlouvy<\/p>\n<p>V p\u0159\u00edpad\u011b p\u0159ijet\u00ed objedn\u00e1vky po lh\u016ft\u011b uveden\u00e9 v 1.odstavci tohoto bodu <strong>VOP<\/strong>, po kterou je elTomas v\u00e1z\u00e1n, vznik\u00e1 smlouva jen pokud elTomas toto opo\u017ed\u011bn\u00e9 p\u0159ijet\u00ed objedn\u00e1vky p\u00edsemn\u011b neodm\u00edtne.<\/p>\n<p>Ob\u011b smluvn\u00ed strany mohou odstoupit od smlouvy za podm\u00ednek stanoven\u00fdch v z\u00e1kon\u011b p\u0159i podstatn\u00e9m poru\u0161en\u00ed smlouvy nebo t\u011bchto <strong>VOP<\/strong>.<\/p>\n<p>Za podstatn\u00e9 poru\u0161en\u00ed se pova\u017euje zejm\u00e9na:<br \/>\u2022 Na stran\u011b elTomas: o prodlen\u00ed se zaplacen\u00edm ceny zbo\u017e\u00ed o v\u00edce ne\u017e 30 dn\u016f po term\u00ednu splatnosti faktury<br \/>\u2022 Na stran\u011b dodavatele: o prodlen\u00ed s dod\u00e1n\u00edm zbo\u017e\u00ed trvaj\u00edc\u00edm d\u00e9le ne\u017e jeden t\u00fdden. Za podstatn\u00e9 poru\u0161en\u00ed smlouvy se nepova\u017euje, dojde-li k ud\u00e1lostem maj\u00edc\u00edm d\u016fvod v tzv. vy\u0161\u0161\u00ed moci, jako nap\u0159. \u017eiveln\u00e9 pohromy, v\u00e1lka, hav\u00e1rie apod., kter\u00e9 jsou nez\u00e1visl\u00e9 na v\u016fli smluvn\u00edch stran.<\/p>\n<p>\u00da\u010dinnost smlouvy zanik\u00e1 okam\u017eikem doru\u010den\u00ed p\u00edsemn\u00e9ho odstoupen\u00ed od smlouvy s popisem d\u016fvod\u016f odstoupen\u00ed druh\u00e9 smluvn\u00ed stran\u011b.<\/p>\n<h4>2 Doprava<\/h4>\n<p>Pokud nen\u00ed dohodnuto jinak, elTomas v souladu s bodem (1) <strong>VOP<\/strong> rozhodne o zp\u016fsobu dopravy a sd\u011bl\u00ed jej dodavateli v objedn\u00e1vce. V p\u0159\u00edpad\u011b, \u017ee zp\u016fsob dopravy ur\u010duje dodavatel, je povinen z hlediska n\u00e1klad\u016f a \u010dasu zvolit pro elTomas nejv\u00fdhodn\u011bj\u0161\u00ed zp\u016fsob dopravy. Pokud nen\u00ed dohodnuto jinak, riziko vypl\u00fdvaj\u00edc\u00ed z dopravy zbo\u017e\u00ed ponese dodavatel.<\/p>\n<p>Jestli\u017ee to bylo p\u0159edem p\u00edsemn\u011b dohodnuto, elTomas hrad\u00ed baln\u00e9 a po\u0161tovn\u00e9. Dodavatel ru\u010d\u00ed za to, \u017ee dod\u00e1 zbo\u017e\u00ed v mno\u017estv\u00ed, kvalit\u011b proveden\u00ed, je\u017e ur\u010duje smlouva a zbo\u017e\u00ed opat\u0159\u00ed pro p\u0159epravu zp\u016fsobem stanoven\u00fdm ve smlouv\u011b.<\/p>\n<h4>3 P\u0159ezkoum\u00e1n\u00ed a kontrola<\/h4>\n<p>Dodavatel mus\u00ed elTomas na po\u017e\u00e1d\u00e1n\u00ed informovat o pr\u016fb\u011bhu pln\u011bn\u00ed dod\u00e1vky zbo\u017e\u00ed. elTomas bude m\u00edt v kter\u00e9koli dob\u011b pr\u00e1vo kontrolovat dodavatele, aby zjistil p\u0159edpoklady ke spln\u011bn\u00ed smlouvy.<\/p>\n<p>elTomas se zavazuje zkontrolovat dodan\u00e9 zbo\u017e\u00ed do 2 pracovn\u00edch dn\u016f od jeho p\u0159ijet\u00ed za \u00fa\u010delem zji\u0161t\u011bn\u00ed zjevn\u00fdch vad a p\u0159\u00edpadn\u011b v t\u00e9\u017ee lh\u016ft\u011b zaslat dodavateli p\u00edsemnou reklamaci zbo\u017e\u00ed. V p\u0159\u00edpad\u011b poru\u0161en\u00ed z\u00e1vazku prov\u00e9st kontrolu zbo\u017e\u00ed do 2 pracovn\u00edch dn\u016f od jeho p\u0159ijet\u00ed, je dodavatel opr\u00e1vn\u011bn reklamaci zjevn\u00fdch vad neuznat.<\/p>\n<h4>4 Dodac\u00ed lh\u016fta<\/h4>\n<p>Dodac\u00ed lh\u016fta, vyzna\u010den\u00e1 v objedn\u00e1vce, pop\u0159. i v potvrzen\u00ed objedn\u00e1vky, je stanovena konkr\u00e9tn\u00edm datem. Jestli\u017ee dodavatel po uzav\u0159en\u00ed smlouvy zjist\u00ed, \u017ee dodac\u00ed lh\u016ftu nelze splnit, okam\u017eit\u011b sd\u011bl\u00ed elTomasu p\u00edsemn\u011b nebo telefonicky p\u0159\u00ed\u010diny a pravd\u011bpodobnou d\u00e9lku zdr\u017een\u00ed. Jestli\u017ee je zdr\u017een\u00ed zp\u016fsobeno vy\u0161\u0161\u00ed moc\u00ed, dodavatel je povinen o tom elTomas p\u0159edlo\u017eit odpov\u00eddaj\u00edc\u00ed d\u016fkaz.<\/p>\n<p>elTomas je opr\u00e1vn\u011bn poskytnout dodavateli n\u00e1hradn\u00ed lh\u016ftu pro dod\u00e1n\u00ed zbo\u017e\u00ed.<br \/>Nedodr\u017e\u00ed-li dodavatel dodac\u00ed lh\u016ftu, pop\u0159. n\u00e1hradn\u00ed dodac\u00ed lh\u016ftu, je povinen zaplatit elTomas za ka\u017ed\u00fd den prodlen\u00ed smluvn\u00ed pokutu ve v\u00fd\u0161i, je\u017e byla pro tento p\u0159\u00edpad sjedn\u00e1na mezi smluvn\u00edmi stranami, tj. ve v\u00fd\u0161i 0,1% z ceny nedodan\u00e9ho zbo\u017e\u00ed.<\/p>\n<p>Dodavatel je povinen uhradit elTomas n\u00e1klady, kter\u00e9 mu vznikly v souvislosti s prodlen\u00edm dod\u00e1vky zbo\u017e\u00ed nebo s vadnou dod\u00e1vkou, eventu\u00e1ln\u011b s odstoupen\u00edm od smlouvy z t\u011bchto d\u016fvod\u016f. Pr\u00e1vo elTomas na n\u00e1hradu \u0161kody v\u010detn\u011b u\u0161l\u00e9ho zisku nen\u00ed t\u00edmto dot\u010deno. Dodac\u00ed lh\u016fta je ur\u010dena ve prosp\u011bch elTomas.<\/p>\n<h4>5 Dodac\u00ed podm\u00ednky<\/h4>\n<p>Dodavatel nen\u00ed opr\u00e1vn\u011bn zadr\u017eet zbo\u017e\u00ed z d\u016fvodu jak\u00fdchkoliv pohled\u00e1vek dodavatele v\u016f\u010di elTomas nebo jednostrann\u011b zapo\u010d\u00edt\u00e1vat pohled\u00e1vky elTomas v\u016f\u010di dodavateli na cenu zbo\u017e\u00ed.<\/p>\n<p>M\u00edstem dod\u00e1n\u00ed se rozum\u00ed provozovna elTomas, pokud nebude ve smlouv\u011b dohodnuto jinak.<\/p>\n<p>Dodavatel je povinen ka\u017edou i d\u00edl\u010d\u00ed dod\u00e1vku dolo\u017eit dokladem \u2013 n\u00e1kladn\u00ed list, n\u00e1v\u011b\u0161t\u00ed, pr\u016fvodka, dodac\u00ed list, bal\u00edc\u00ed list, lo\u017en\u00fd list apod. (d\u00e1le i jen \u201edoklady\u201c) odeslan\u00fdm na adresu, na kterou dod\u00e1vku odes\u00edl\u00e1 \u010di p\u0159edan\u00fdm osobn\u011b na adrese, na kter\u00e9 dod\u00e1vku p\u0159ed\u00e1v\u00e1. Dodavatel ode\u0161le ve\u0161ker\u00e9 doklady pot\u0159ebn\u00e9 ke spr\u00e1vn\u00e9mu p\u0159evzet\u00ed dodan\u00e9ho zbo\u017e\u00ed nejpozd\u011bji s dod\u00e1vkou zbo\u017e\u00ed.<\/p>\n<p>Doklady mus\u00ed obsahovat zejm\u00e9na \u010d\u00edslo objedn\u00e1vky, brutto a netto hmotnost, jm\u00e9na a adresy kontaktn\u00edch osob dodavatele a elTomas, m\u00edsto ur\u010den\u00ed a datum odesl\u00e1n\u00ed dod\u00e1vky, \u010d\u00edslo polo\u017eky v katalogu, ozna\u010den\u00ed polo\u017eky, cenu za jednotku zbo\u017e\u00ed, informace o balen\u00ed, specifikace a mno\u017estv\u00ed dod\u00e1vky a v p\u0159\u00edpad\u011b \u010d\u00e1ste\u010dn\u00e9 dod\u00e1vky tak\u00e9 mno\u017estv\u00ed, kter\u00e9 zb\u00fdv\u00e1 je\u0161t\u011b dodat.<\/p>\n<p>Ve\u0161ker\u00e9 dod\u00e1vky (kusov\u00e9, po\u0161tovn\u00ed, \u017eelezni\u010dn\u00ed apod.) je dodavatel povinen ozna\u010dit v\u017edy p\u0159esnou adresou a \u010d\u00edslem objedn\u00e1vky na vn\u011bj\u0161\u00ed stran\u011b obalu zbo\u017e\u00ed.<\/p>\n<p>V p\u0159\u00edpad\u011b, \u017ee dodavatel sdru\u017euje v jedn\u00e9 z\u00e1silce zbo\u017e\u00ed, kter\u00e9 je dod\u00e1no v r\u00e1mci v\u00edce smluv, avizuje ka\u017edou dod\u00e1vku samostatn\u011b a vy\u00fa\u010dtuje ji, pokud nen\u00ed dojedn\u00e1no jinak, samostatnou fakturou.<\/p>\n<h4>6 Platebn\u00ed podm\u00ednky a n\u00e1le\u017eitosti faktury<\/h4>\n<p>Cena zbo\u017e\u00ed bude dodavatelem vy\u00fa\u010dtov\u00e1na fakturou, kter\u00e1 bude bu\u010f p\u0159ed\u00e1na elTomas p\u0159i p\u0159ed\u00e1n\u00ed dod\u00e1vky zbo\u017e\u00ed nebo bude zasl\u00e1na elTomas samostatn\u011b po dod\u00e1n\u00ed zbo\u017e\u00ed. V p\u0159\u00edpad\u011b, \u017ee faktura je zasl\u00e1na samostatn\u011b bez zbo\u017e\u00ed mus\u00ed b\u00fdt p\u0159ilo\u017een elTomas potvrzen\u00fd doklad o p\u0159evzet\u00ed zbo\u017e\u00ed.<\/p>\n<p>Faktura mus\u00ed obsahovat v\u0161echny n\u00e1le\u017eitosti da\u0148ov\u00e9ho dokladu. Faktura mus\u00ed obsahovat \u010d\u00edslo objedn\u00e1vky.<\/p>\n<p>V p\u0159\u00edpad\u011b, \u017ee dodavatel nespln\u00ed tyto podm\u00ednky, bude elTomas pova\u017eovat tuto fakturu za ne\u00faplnou a bude zasl\u00e1na zp\u011bt k dopln\u011bn\u00ed s uveden\u00edm konkr\u00e9tn\u00edch nedostatk\u016f. Do doby doru\u010den\u00ed opraven\u00e9 faktury nen\u00ed elTomas v prodlen\u00ed s \u00fahradou a od doru\u010den\u00ed opraven\u00e9 faktury b\u011b\u017e\u00ed znovu lh\u016fta splatnosti.<\/p>\n<h4>7 Splatnost<\/h4>\n<p>Pokud nen\u00ed v\u00fdslovn\u011b dohodnuto jinak, faktura dodavatele je splatn\u00e1 ve lh\u016ft\u011b 60 dn\u00ed od data doru\u010den\u00ed faktury nebo od dodac\u00ed lh\u016fty podle toho, kter\u00e9 z t\u011bchto dat nastane pozd\u011bji.<br \/>Platby budou prov\u00e1d\u011bny bankovn\u00edm p\u0159evodem na \u00fa\u010det dodavatele uveden\u00fd v z\u00e1hlav\u00ed smlouvy. Faktura se pova\u017euje za zaplacenou p\u0159ips\u00e1n\u00edm p\u0159\u00edslu\u0161n\u00e9 \u010d\u00e1stky na \u00fa\u010det dodavatele.<br \/>V p\u0159\u00edpad\u011b, \u017ee elTomas neuhrad\u00ed fakturu dodavatele v term\u00ednu jej\u00ed splatnosti, je dodavatel opr\u00e1vn\u011bn uplatnit n\u00e1rok na zaplacen\u00ed \u00farok z prodlen\u00ed ve v\u00fd\u0161i stanoven\u00e9 pr\u00e1vn\u00edm p\u0159edpisem.<\/p>\n<h4>8 Z\u00e1ruka<\/h4>\n<p>Dodavatel poskytne elTomasu z\u00e1ruku za kvalitu smluven\u00e9ho zbo\u017e\u00ed. Pokud nen\u00ed ve smlouv\u011b stanoveno jinak, \u010din\u00ed d\u00e9lka z\u00e1ru\u010dn\u00ed doby minim\u00e1ln\u011b 12 m\u011bs\u00edc\u016f.<br \/>Z\u00e1ru\u010dn\u00ed doba za\u010d\u00edn\u00e1 b\u011b\u017eet dnem dod\u00e1n\u00ed zbo\u017e\u00ed do m\u00edsta dod\u00e1n\u00ed. Do z\u00e1ru\u010dn\u00ed doby se nezapo\u010d\u00edt\u00e1v\u00e1 doba, po kterou elTomas nem\u016f\u017ee u\u017e\u00edvat zbo\u017e\u00ed pro jeho vady (od doru\u010den\u00ed reklamace dodavateli).<\/p>\n<p>Dodavatel odpov\u00edd\u00e1 za to, \u017ee v z\u00e1ru\u010dn\u00ed dob\u011b bude m\u00edt zbo\u017e\u00ed vlastnosti dohodnut\u00e9 ve smlouv\u011b nebo vlastnosti obvykl\u00e9. Dodavatel odpov\u00edd\u00e1 za vady, kter\u00e9 m\u00e1 zbo\u017e\u00ed v dob\u011b jeho dod\u00e1n\u00ed \u010di p\u0159ed\u00e1n\u00ed elTomas a za vady, kter\u00e9 se projevily b\u011bhem z\u00e1ru\u010dn\u00ed doby. Zjevn\u00e9 vady je elTomas povinen reklamovat ve lh\u016ft\u011b dle bodu (3) <strong>VOP<\/strong>.<\/p>\n<p>Reklamaci lze uplatnit p\u00edsemn\u011b nebo elektronickou po\u0161tou bez zbyte\u010dn\u00e9ho odkladu po zji\u0161t\u011bn\u00ed, na adrese s\u00eddla dodavatele nejpozd\u011bji posledn\u00edho dne z\u00e1ru\u010dn\u00ed doby, p\u0159i\u010dem\u017e reklamace mus\u00ed b\u00fdt v t\u00e9to lh\u016ft\u011b doru\u010dena dodavateli. V reklamaci mus\u00ed b\u00fdt vady pops\u00e1ny a mus\u00ed b\u00fdt uvedeno, jak se projevuj\u00ed. elTomas je sou\u010dasn\u011b povinen uv\u00e9st, jak\u00fdm zp\u016fsobem po\u017eaduje vadu odstranit. Smluvn\u00ed strany se dohodly, \u017ee v p\u0159\u00edpad\u011b vyskytnut\u00ed vady v z\u00e1ru\u010dn\u00ed dob\u011b m\u00e1 elTomas pr\u00e1vo po\u017eadovat a dodavatel povinnost vady, za kter\u00e9 prokazateln\u011b odpov\u00edd\u00e1, bezplatn\u011b odstranit dod\u00e1n\u00edm n\u00e1hradn\u00edho pln\u011bn\u00ed, pokud nebude mezi elTomas a dodavatelem dohodnuto jinak.<\/p>\n<p>Dodavatel je povinen nejpozd\u011bji do 3 dn\u016f po obdr\u017een\u00ed reklamace p\u00edsemn\u011b ozn\u00e1mit elTomas, zda reklamaci uzn\u00e1v\u00e1, jakou lh\u016ftu (jinou ne\u017e v bod\u011b (9) <strong>VOP<\/strong>) navrhuje k odstran\u011bn\u00ed vad, p\u0159\u00edpadn\u011b z jak\u00fdch d\u016fvod\u016f reklamaci neuzn\u00e1v\u00e1. Pokud tak neu\u010din\u00ed ve lh\u016ft\u011b v\u00fd\u0161e uveden\u00e9, m\u00e1 se za to, \u017ee reklamaci uzn\u00e1v\u00e1.<\/p>\n<h4>9 Kvalita a ochrana<\/h4>\n<p>M\u00e1-li dodan\u00e9 zbo\u017e\u00ed po uplynut\u00ed z\u00e1ru\u010dn\u00ed doby skryt\u00e9 vady a smluvn\u00ed strany se nedohodnou jinak, je dodavatel povinen vady odstranit do 15 dn\u016f ode dne doru\u010den\u00ed reklamace elTomas, nen\u00ed-li dohodnuto jinak.<\/p>\n<p>Nelze-li vady zbo\u017e\u00ed opravit a smluvn\u00ed strany se nedohodnou jinak, je dodavatel povinen ve lh\u016ft\u011b 10 dn\u016f ode dne doru\u010den\u00ed reklamace elTomas, nejpozd\u011bji do jednoho m\u011bs\u00edce po ozn\u00e1men\u00ed vad, dodat n\u00e1hradn\u00ed zbo\u017e\u00ed za vadn\u00e9 zbo\u017e\u00ed.<\/p>\n<p>Nedodr\u017een\u00ed lh\u016fty jednoho m\u011bs\u00edce zakl\u00e1d\u00e1 pr\u00e1vo elTomas odstoupit od smlouvy a povinnost dodavatele bez zbyte\u010dn\u00e9ho odkladu vr\u00e1tit elTomas zaplacenou cenu za zbo\u017e\u00ed nebo jej\u00ed \u010d\u00e1st s p\u0159\u00edslu\u0161n\u00fdm \u00farokem z prodlen\u00ed, pokud elTomas nevyu\u017eil pr\u00e1vo nezaplatit cenu zbo\u017e\u00ed v rozsahu vad zbo\u017e\u00ed.<\/p>\n<p>V p\u0159\u00edpad\u011b, \u017ee dodavatel nevr\u00e1t\u00ed cenu zbo\u017e\u00ed bez zbyte\u010dn\u00e9ho odkladu, nejpozd\u011bji do 3 dn\u016f, je povinen zaplatit elTomas smluvn\u00ed pokutu, kter\u00e1 byla pro tento p\u0159\u00edpad sjedn\u00e1na smluvn\u00edmi stranami ve v\u00fd\u0161i 20 % z ceny vadn\u00e9ho zbo\u017e\u00ed.<br \/>Dodavatel rovn\u011b\u017e zaru\u010duje, \u017ee zbo\u017e\u00ed odpov\u00edd\u00e1 obecn\u011b z\u00e1vazn\u00fdm pr\u00e1vn\u00edm p\u0159edpis\u016fm \u010cesk\u00e9 republiky, zejm\u00e9na pak ustanoven\u00edm t\u00fdkaj\u00edc\u00edm se bezpe\u010dnosti a ochrany zdrav\u00ed.<\/p>\n<h4>10 Spole\u010densk\u00e1 odpov\u011bdnost<\/h4>\n<p>Usilujeme o dosa\u017een\u00ed dokonalosti, inovac\u00ed a v\u00fdkonu udr\u017eiteln\u00fdm zp\u016fsobem. Lid\u00e9 a \u017eivotn\u00ed prost\u0159ed\u00ed jsou nejd\u016fle\u017eit\u011bj\u0161\u00edmi zdroji automobilov\u00e9ho pr\u016fmyslu. Z tohoto d\u016fvodu spolupracujeme na dosa\u017een\u00ed nejvy\u0161\u0161\u00edho standardu obchodn\u00ed integrity a soci\u00e1ln\u00edho a environment\u00e1ln\u00edho chov\u00e1n\u00ed na\u0161eho dodavatelsk\u00e9ho \u0159et\u011bzce.<\/p>\n<p>O\u010dek\u00e1v\u00e1me, \u017ee dodavatel\u00e9 budou dokument <strong>Z\u00e1vazek CSR Automotive<\/strong> dodr\u017eovat a uplat\u0148ovat je do sv\u00e9ho dodavatelsk\u00e9ho \u0159et\u011bzce.<\/p>\n<h4>11 Obaly<\/h4>\n<p>Dodavatel vyzna\u010d\u00ed ve smlouv\u011b a ve faktu\u0159e, zda sou\u010d\u00e1st\u00ed dod\u00e1vky je vratn\u00fd obal. Cenu vratn\u00e9ho obalu fakturuje elTomas. Dodavatel se zavazuje tyto obaly od elTomas odkoupit za fakturovanou cenu sn\u00ed\u017eenou o hodnotu opot\u0159eben\u00ed v p\u0159\u00edpad\u011b, \u017ee elTomas je vr\u00e1t\u00ed nejpozd\u011bji 18 m\u011bs\u00edc\u016f ode dne dod\u00e1n\u00ed zbo\u017e\u00ed.<br \/>Zp\u011btn\u00e9 p\u0159epravn\u00e9 za obaly vr\u00e1cen\u00e9 dodavateli hrad\u00ed elTomas, pokud nebude ve smlouv\u011b dohodnuto jinak.<\/p>\n<h4>12 Z\u00e1v\u011bre\u010dn\u00e1 ustanoven\u00ed<\/h4>\n<p>Nastanou-li u n\u011bkter\u00e9 ze stran skute\u010dnosti br\u00e1n\u00edc\u00ed \u0159\u00e1dn\u00e9mu pln\u011bn\u00ed smlouvy, je povinna to ihned bez zbyte\u010dn\u00e9ho odkladu ozn\u00e1mit druh\u00e9 stran\u011b.<br \/>Zn\u011bn\u00ed t\u011bchto <strong>VOP<\/strong> i zn\u011bn\u00ed smlouvy jsou z\u00e1vazn\u00e1 i pro pr\u00e1vn\u00ed n\u00e1stupce elTomas a dodavatele. elTomas i dodavatel je opr\u00e1vn\u011bn p\u0159ev\u00e9st sv\u00e1 pr\u00e1va a povinnosti vypl\u00fdvaj\u00edc\u00ed z podm\u00ednek a ze smlouvy na t\u0159et\u00ed osobu pouze s p\u00edsemn\u00fdm souhlasem druh\u00e9 smluvn\u00ed strany.<br \/>Pr\u00e1vn\u00ed vztahy vypl\u00fdvaj\u00edc\u00ed ze smlouvy a neupraven\u00e9 smlouvou a <strong>VOP<\/strong> se \u0159\u00edd\u00ed platn\u00fdmi pr\u00e1vn\u00edmi p\u0159edpisy \u010cesk\u00e9 republiky, zejm\u00e9na p\u0159\u00edslu\u0161n\u00fdmi ustanoven\u00edmi OZ.<br \/>Zhotovitel prohla\u0161uje a podpisem smlouvy potvrzuje, \u017ee se sezn\u00e1mil s obsahem t\u011bchto <strong>VOP<\/strong>, \u017ee jim porozum\u011bl a \u017ee s jejich obsahem souhlas\u00ed.<\/p>\n<p>PDF ke sta\u017een\u00ed:<br \/><a href=\"https:\/\/www.eltomas.cz\/wp-content\/uploads\/vseobecne-obchodni-podminky-spolecnosti-eltomas-190212.pdf\">V\u0161eobecn\u00e9 obchodn\u00ed podm\u00ednky spole\u010dnosti elTomas<\/a><\/p>\n\t\t<\/div>\n\t\t\t\t\t<\/div>\n\n\t\n<\/div>\n","protected":false},"excerpt":{"rendered":"","protected":false},"author":1,"featured_media":0,"parent":0,"menu_order":0,"comment_status":"closed","ping_status":"closed","template":"","meta":[],"_links":{"self":[{"href":"https:\/\/www.eltomas.cz\/de\/wp-json\/wp\/v2\/pages\/11443"}],"collection":[{"href":"https:\/\/www.eltomas.cz\/de\/wp-json\/wp\/v2\/pages"}],"about":[{"href":"https:\/\/www.eltomas.cz\/de\/wp-json\/wp\/v2\/types\/page"}],"author":[{"embeddable":true,"href":"https:\/\/www.eltomas.cz\/de\/wp-json\/wp\/v2\/users\/1"}],"replies":[{"embeddable":true,"href":"https:\/\/www.eltomas.cz\/de\/wp-json\/wp\/v2\/comments?post=11443"}],"version-history":[{"count":8,"href":"https:\/\/www.eltomas.cz\/de\/wp-json\/wp\/v2\/pages\/11443\/revisions"}],"predecessor-version":[{"id":11454,"href":"https:\/\/www.eltomas.cz\/de\/wp-json\/wp\/v2\/pages\/11443\/revisions\/11454"}],"wp:attachment":[{"href":"https:\/\/www.eltomas.cz\/de\/wp-json\/wp\/v2\/media?parent=11443"}],"curies":[{"name":"wp","href":"https:\/\/api.w.org\/{rel}","templated":true}]}}